{"id":797,"date":"2024-11-20T15:55:17","date_gmt":"2024-11-20T15:55:17","guid":{"rendered":"https:\/\/allanbarker.com\/enom\/?post_type=product&#038;p=797"},"modified":"2025-06-12T14:32:34","modified_gmt":"2025-06-12T14:32:34","slug":"vietnam-pearl-jewelry-box","status":"publish","type":"product","link":"https:\/\/allanbarker.com\/enom\/product\/vietnam-pearl-jewelry-box\/","title":{"rendered":"Vietnamese Pearl Inlay Jewel Box"},"content":{"rendered":"<h1 class=\"western\"><strong><span style=\"color: #6d6d6d;\"><span style=\"font-family: Arial, sans-serif;\"><span style=\"font-size: medium;\">Antique Vietnamese mother-of-pearl inlay or jewelry or <\/span><\/span><\/span><\/strong><strong><span style=\"color: #6d6d6d;\"><span style=\"font-family: Arial, sans-serif;\"><span style=\"font-size: medium;\">dowry <\/span><\/span><\/span><\/strong><strong><span style=\"color: #6d6d6d;\"><span style=\"font-family: Arial, sans-serif;\"><span style=\"font-size: medium;\">box<\/span><\/span><\/span><\/strong><\/h1>\n<p class=\"western\"><span style=\"color: #6d6d6d;\"><span style=\"font-family: Arial, sans-serif;\"><span style=\"font-size: medium;\">A round lidded jewelry box with removable tray and compartments used <\/span><\/span><\/span><span style=\"color: #6d6d6d;\"><span style=\"font-family: Arial, sans-serif;\"><span style=\"font-size: medium;\"><span lang=\"en-US\">to keep a<\/span><\/span><\/span><\/span><span style=\"color: #6d6d6d;\"><span style=\"font-family: Arial, sans-serif;\"><span style=\"font-size: medium;\"> Vietnamese bride&#8217;s <\/span><\/span><\/span><span style=\"color: #6d6d6d;\"><span style=\"font-family: Arial, sans-serif;\"><span style=\"font-size: medium;\"><span lang=\"en-US\">jewels<\/span><\/span><\/span><\/span><span style=\"color: #6d6d6d;\"><span style=\"font-family: Arial, sans-serif;\"><span style=\"font-size: medium;\"> and other dowry valuables. The box is made of rosewood adorned with finely crafted iridescent mother-of-pearl inlay of flowers and a central motif. <\/span><\/span><\/span><span style=\"color: #6d6d6d;\"><span style=\"font-family: Arial, sans-serif;\"><span style=\"font-size: medium;\"><span lang=\"en-US\">Crafted in the late 19th to early 20th century. In unusually good condition, this piece is a stunning example of Vietnamese mother-of-pearl inlay artistry at its peak.<\/span><\/span><\/span><\/span><\/p>\n<p class=\"western\"><span style=\"color: #6d6d6d;\"><span style=\"font-family: Arial, sans-serif;\"><span style=\"font-size: medium;\"><span lang=\"en-US\">Unlike modern lacquer ware, these boxes were crafted painstakingly with very fine, hand-inlaid iridescent mother-of-pearl selected for color and luster. Vietnamese artisans from the era were renowned for producing the most colorful and finely detailed inlays found anywhere.<\/span><\/span><\/span><\/span><\/p>\n<p class=\"western\"><span style=\"color: #6d6d6d;\"><span style=\"font-family: Arial, sans-serif;\">The central Chinese <\/span><\/span><strong><span style=\"color: #6d6d6d;\"><span style=\"font-family: Arial, sans-serif;\">symbol is a decorative design know as<\/span><\/span><\/strong><span style=\"color: #6d6d6d;\"><span style=\"font-family: Arial, sans-serif;\"> &#8220;<\/span><span style=\"font-family: Droid Sans Fallback;\"><span lang=\"zh-CN\"><span style=\"font-family: Arial, sans-serif;\">\u58fd\u5b57\u7d0b<\/span><\/span><\/span><span style=\"font-family: Arial, sans-serif;\">&#8221; (sh\u00f2u z\u00ec w\u00e9n), which means &#8220;longevity <\/span><\/span><span style=\"color: #6d6d6d;\"><span style=\"font-family: Arial, sans-serif;\">character pattern.&#8221; <\/span><\/span><span style=\"color: #6d6d6d;\"><span style=\"font-family: Arial, sans-serif;\"><span style=\"font-size: medium;\"><span lang=\"en-US\">Many such<\/span><\/span><\/span><\/span><span style=\"color: #6d6d6d;\"><span style=\"font-family: Arial, sans-serif;\"> patterns were used in traditional Chinese and Vietnamese decorative art, especially on items symbolizing blessings, health, and prosperity. <\/span><\/span><span style=\"color: #6d6d6d;\"><span style=\"font-family: Arial, sans-serif;\">The central design includes a long staff probably reflecting wisdom,<\/span><\/span><span style=\"color: #6d6d6d;\"><span style=\"font-family: Arial, sans-serif;\"><span style=\"font-size: medium;\"><span lang=\"en-US\"> a quiver containing writing instruments symbolic of scholarship, and a cornucopia or horn of plenty like shape. This set of auspicious symbols is uncommon for dowry boxes and may indicate higher purpose. <\/span><\/span><\/span><\/span><\/p>\n<p class=\"western\"><span style=\"color: #6d6d6d;\"><span style=\"font-family: Arial, sans-serif;\"><span style=\"font-size: medium;\">The box measures <\/span><\/span><\/span><span style=\"color: #6d6d6d;\"><span style=\"font-family: Arial, sans-serif;\"><span style=\"font-size: medium;\"><span lang=\"en-US\">27.5<\/span><\/span><\/span><\/span><span style=\"color: #6d6d6d;\"><span style=\"font-family: Arial, sans-serif;\"><span style=\"font-size: medium;\"> x 11.0 cm and weighs 1.66 kg. <\/span><\/span><\/span><span style=\"color: #6d6d6d;\"><span style=\"font-family: Arial, sans-serif;\"><span style=\"font-size: medium;\">And <\/span><\/span><\/span><span style=\"color: #6d6d6d;\"><span style=\"font-family: Arial, sans-serif;\"><span style=\"font-size: medium;\">makes a striking visual impact in any setting. Indoor<\/span><\/span><\/span><span style=\"color: #6d6d6d;\"><span style=\"font-family: Arial, sans-serif;\"><span style=\"font-size: medium;\">s<\/span><\/span><\/span><span style=\"color: #6d6d6d;\"><span style=\"font-family: Arial, sans-serif;\"><span style=\"font-size: medium;\"> the iridescent colors change with the lighting and viewers position. <\/span><\/span><\/span><span style=\"color: #6d6d6d;\"><span style=\"font-family: Arial, sans-serif;\"><span style=\"font-size: medium;\">D<\/span><\/span><\/span><span style=\"color: #6d6d6d;\"><span style=\"font-family: Arial, sans-serif;\"><span style=\"font-size: medium;\">iffuse window of skylight <\/span><\/span><\/span><span style=\"color: #6d6d6d;\"><span style=\"font-family: Arial, sans-serif;\"><span style=\"font-size: medium;\">warms up the entire<\/span><\/span><\/span><span style=\"color: #6d6d6d;\"><span style=\"font-family: Arial, sans-serif;\"><span style=\"font-size: medium;\"> pattern.<\/span><\/span><\/span><\/p>\n<figure id=\"attachment_804\" aria-describedby=\"caption-attachment-804\" style=\"width: 1000px\" class=\"wp-caption alignnone\"><img loading=\"lazy\" decoding=\"async\" class=\"size-full wp-image-804\" src=\"https:\/\/allanbarker.com\/enom\/wp-content\/uploads\/pearl\/vietpearlbox\/us-cloudy.jpg\" alt=\"\" width=\"1000\" height=\"969\" srcset=\"https:\/\/allanbarker.com\/enom\/wp-content\/uploads\/pearl\/vietpearlbox\/us-cloudy.jpg 1000w, https:\/\/allanbarker.com\/enom\/wp-content\/uploads\/pearl\/vietpearlbox\/us-cloudy-300x291.jpg 300w, https:\/\/allanbarker.com\/enom\/wp-content\/uploads\/pearl\/vietpearlbox\/us-cloudy-768x744.jpg 768w, https:\/\/allanbarker.com\/enom\/wp-content\/uploads\/pearl\/vietpearlbox\/us-cloudy-416x403.jpg 416w\" sizes=\"auto, (max-width: 1000px) 100vw, 1000px\" \/><figcaption id=\"caption-attachment-804\" class=\"wp-caption-text\">Diffuse light<\/figcaption><\/figure>\n<figure id=\"attachment_803\" aria-describedby=\"caption-attachment-803\" style=\"width: 628px\" class=\"wp-caption alignnone\"><img loading=\"lazy\" decoding=\"async\" class=\"size-large wp-image-803\" src=\"https:\/\/allanbarker.com\/enom\/wp-content\/uploads\/pearl\/vietpearlbox\/us-4sidesE-628x1024.jpg\" alt=\"\" width=\"628\" height=\"1024\" srcset=\"https:\/\/allanbarker.com\/enom\/wp-content\/uploads\/pearl\/vietpearlbox\/us-4sidesE-628x1024.jpg 628w, https:\/\/allanbarker.com\/enom\/wp-content\/uploads\/pearl\/vietpearlbox\/us-4sidesE-184x300.jpg 184w, https:\/\/allanbarker.com\/enom\/wp-content\/uploads\/pearl\/vietpearlbox\/us-4sidesE-768x1252.jpg 768w, https:\/\/allanbarker.com\/enom\/wp-content\/uploads\/pearl\/vietpearlbox\/us-4sidesE-942x1536.jpg 942w, https:\/\/allanbarker.com\/enom\/wp-content\/uploads\/pearl\/vietpearlbox\/us-4sidesE-416x678.jpg 416w, https:\/\/allanbarker.com\/enom\/wp-content\/uploads\/pearl\/vietpearlbox\/us-4sidesE.jpg 1000w\" sizes=\"auto, (max-width: 628px) 100vw, 628px\" \/><figcaption id=\"caption-attachment-803\" class=\"wp-caption-text\">Four sides<\/figcaption><\/figure>\n<figure id=\"attachment_802\" aria-describedby=\"caption-attachment-802\" style=\"width: 1000px\" class=\"wp-caption alignnone\"><img loading=\"lazy\" decoding=\"async\" class=\"size-full wp-image-802\" src=\"https:\/\/allanbarker.com\/enom\/wp-content\/uploads\/pearl\/vietpearlbox\/us-design.jpg\" alt=\"\" width=\"1000\" height=\"1000\" srcset=\"https:\/\/allanbarker.com\/enom\/wp-content\/uploads\/pearl\/vietpearlbox\/us-design.jpg 1000w, https:\/\/allanbarker.com\/enom\/wp-content\/uploads\/pearl\/vietpearlbox\/us-design-300x300.jpg 300w, https:\/\/allanbarker.com\/enom\/wp-content\/uploads\/pearl\/vietpearlbox\/us-design-150x150.jpg 150w, https:\/\/allanbarker.com\/enom\/wp-content\/uploads\/pearl\/vietpearlbox\/us-design-768x768.jpg 768w, https:\/\/allanbarker.com\/enom\/wp-content\/uploads\/pearl\/vietpearlbox\/us-design-324x324.jpg 324w, https:\/\/allanbarker.com\/enom\/wp-content\/uploads\/pearl\/vietpearlbox\/us-design-416x416.jpg 416w, https:\/\/allanbarker.com\/enom\/wp-content\/uploads\/pearl\/vietpearlbox\/us-design-100x100.jpg 100w\" sizes=\"auto, (max-width: 1000px) 100vw, 1000px\" \/><figcaption id=\"caption-attachment-802\" class=\"wp-caption-text\">Central pattern with symbols<\/figcaption><\/figure>\n","protected":false},"excerpt":{"rendered":"<p><span style=\"color: #6d6d6d;\"><span style=\"font-family: Arial, sans-serif;\"><span style=\"font-size: medium;\">A round Vietnamese jewelry or dowry box made\u00a0of rosewood with Vietnam&#8217;s renowned iridescent colored mother-of-pearl inlay from the late<span lang=\"en-US\"> 19th c. to early 20th c., Delicate<\/span> flowers with a central motif. Measures <\/span><\/span><\/span><span style=\"color: #6d6d6d;\"><span style=\"font-family: Arial, sans-serif;\"><span style=\"font-size: medium;\"><span lang=\"en-US\">27.5<\/span><\/span><\/span><\/span><span style=\"color: #6d6d6d;\"><span style=\"font-family: Arial, sans-serif;\"><span style=\"font-size: medium;\"> x 11.0 cm and1.66 kg.<\/span><\/span><\/span><\/p>\n","protected":false},"featured_media":808,"template":"","meta":{"nf_dc_page":"","_editorskit_title_hidden":false,"_editorskit_reading_time":0,"_editorskit_is_block_options_detached":false,"_editorskit_block_options_position":"{}"},"product_brand":[],"product_cat":[153,151],"product_tag":[],"class_list":{"0":"post-797","1":"product","2":"type-product","3":"status-publish","4":"has-post-thumbnail","6":"product_cat-art","7":"product_cat-vietant","8":"product_shipping_class-arranged","10":"first","11":"instock","12":"shipping-taxable","13":"purchasable","14":"product-type-simple"},"yoast_head":"<!-- This site is optimized with the Yoast SEO plugin v27.6 - https:\/\/yoast.com\/product\/yoast-seo-wordpress\/ -->\n<title>Vietnamese Pearl Inlay Jewel Box<\/title>\n<meta name=\"description\" content=\"Round Vietnamese rosewood dowry box with fine iridescent colored mother-of-pearl inlay, late late 19th c. flowers &amp; center motif. 28 x 11 cm 1.7 kg.\" \/>\n<meta name=\"robots\" content=\"index, follow, max-snippet:-1, max-image-preview:large, max-video-preview:-1\" \/>\n<link rel=\"canonical\" href=\"https:\/\/allanbarker.com\/enom\/product\/vietnam-pearl-jewelry-box\/\" \/>\n<meta property=\"og:locale\" content=\"en_US\" \/>\n<meta property=\"og:type\" content=\"article\" \/>\n<meta property=\"og:title\" content=\"Vietnamese Pearl Inlay Jewel Box\" \/>\n<meta property=\"og:description\" content=\"Round Vietnamese rosewood dowry box with fine iridescent colored mother-of-pearl inlay, late late 19th c. flowers &amp; center motif. 28 x 11 cm 1.7 kg.\" \/>\n<meta property=\"og:url\" content=\"https:\/\/allanbarker.com\/enom\/product\/vietnam-pearl-jewelry-box\/\" \/>\n<meta property=\"og:site_name\" content=\"Antique Treasures I kept\" \/>\n<meta property=\"article:modified_time\" content=\"2025-06-12T14:32:34+00:00\" \/>\n<meta property=\"og:image\" content=\"https:\/\/allanbarker.com\/enom\/wp-content\/uploads\/pearl\/vietpearlbox\/us-tile.jpg\" \/>\n\t<meta property=\"og:image:width\" content=\"1000\" \/>\n\t<meta property=\"og:image:height\" content=\"1000\" \/>\n\t<meta property=\"og:image:type\" content=\"image\/jpeg\" \/>\n<meta name=\"twitter:card\" content=\"summary_large_image\" \/>\n<meta name=\"twitter:label1\" content=\"Est. reading time\" \/>\n\t<meta name=\"twitter:data1\" content=\"2 minutes\" \/>\n<script type=\"application\/ld+json\" class=\"yoast-schema-graph\">{\"@context\":\"https:\\\/\\\/schema.org\",\"@graph\":[{\"@type\":\"WebPage\",\"@id\":\"https:\\\/\\\/allanbarker.com\\\/enom\\\/product\\\/vietnam-pearl-jewelry-box\\\/\",\"url\":\"https:\\\/\\\/allanbarker.com\\\/enom\\\/product\\\/vietnam-pearl-jewelry-box\\\/\",\"name\":\"Vietnamese Pearl Inlay Jewel Box\",\"isPartOf\":{\"@id\":\"https:\\\/\\\/allanbarker.com\\\/enom\\\/#website\"},\"primaryImageOfPage\":{\"@id\":\"https:\\\/\\\/allanbarker.com\\\/enom\\\/product\\\/vietnam-pearl-jewelry-box\\\/#primaryimage\"},\"image\":{\"@id\":\"https:\\\/\\\/allanbarker.com\\\/enom\\\/product\\\/vietnam-pearl-jewelry-box\\\/#primaryimage\"},\"thumbnailUrl\":\"https:\\\/\\\/allanbarker.com\\\/enom\\\/wp-content\\\/uploads\\\/pearl\\\/vietpearlbox\\\/us-tile.jpg\",\"datePublished\":\"2024-11-20T15:55:17+00:00\",\"dateModified\":\"2025-06-12T14:32:34+00:00\",\"description\":\"Round Vietnamese rosewood dowry box with fine iridescent colored mother-of-pearl inlay, late late 19th c. flowers & center motif. 28 x 11 cm 1.7 kg.\",\"breadcrumb\":{\"@id\":\"https:\\\/\\\/allanbarker.com\\\/enom\\\/product\\\/vietnam-pearl-jewelry-box\\\/#breadcrumb\"},\"inLanguage\":\"en-US\",\"potentialAction\":[{\"@type\":\"ReadAction\",\"target\":[\"https:\\\/\\\/allanbarker.com\\\/enom\\\/product\\\/vietnam-pearl-jewelry-box\\\/\"]}]},{\"@type\":\"ImageObject\",\"inLanguage\":\"en-US\",\"@id\":\"https:\\\/\\\/allanbarker.com\\\/enom\\\/product\\\/vietnam-pearl-jewelry-box\\\/#primaryimage\",\"url\":\"https:\\\/\\\/allanbarker.com\\\/enom\\\/wp-content\\\/uploads\\\/pearl\\\/vietpearlbox\\\/us-tile.jpg\",\"contentUrl\":\"https:\\\/\\\/allanbarker.com\\\/enom\\\/wp-content\\\/uploads\\\/pearl\\\/vietpearlbox\\\/us-tile.jpg\",\"width\":1000,\"height\":1000,\"caption\":\"\"},{\"@type\":\"BreadcrumbList\",\"@id\":\"https:\\\/\\\/allanbarker.com\\\/enom\\\/product\\\/vietnam-pearl-jewelry-box\\\/#breadcrumb\",\"itemListElement\":[{\"@type\":\"ListItem\",\"position\":1,\"name\":\"Home\",\"item\":\"https:\\\/\\\/allanbarker.com\\\/enom\\\/\"},{\"@type\":\"ListItem\",\"position\":2,\"name\":\"Antique Treasures Shop\",\"item\":\"https:\\\/\\\/allanbarker.com\\\/enom\\\/shop\\\/\"},{\"@type\":\"ListItem\",\"position\":3,\"name\":\"Vietnamese Pearl Inlay Jewel Box\"}]},{\"@type\":\"WebSite\",\"@id\":\"https:\\\/\\\/allanbarker.com\\\/enom\\\/#website\",\"url\":\"https:\\\/\\\/allanbarker.com\\\/enom\\\/\",\"name\":\"Antique Treasures I kept\",\"description\":\"Rare Asian Antiques Artwork Artifacts\",\"publisher\":{\"@id\":\"https:\\\/\\\/allanbarker.com\\\/enom\\\/#\\\/schema\\\/person\\\/83bfeb91bd8b3f9ca3cd1f1859e8ae53\"},\"potentialAction\":[{\"@type\":\"SearchAction\",\"target\":{\"@type\":\"EntryPoint\",\"urlTemplate\":\"https:\\\/\\\/allanbarker.com\\\/enom\\\/?s={search_term_string}\"},\"query-input\":{\"@type\":\"PropertyValueSpecification\",\"valueRequired\":true,\"valueName\":\"search_term_string\"}}],\"inLanguage\":\"en-US\"},{\"@type\":[\"Person\",\"Organization\"],\"@id\":\"https:\\\/\\\/allanbarker.com\\\/enom\\\/#\\\/schema\\\/person\\\/83bfeb91bd8b3f9ca3cd1f1859e8ae53\",\"name\":\"R Allan Barker\",\"image\":{\"@type\":\"ImageObject\",\"inLanguage\":\"en-US\",\"@id\":\"https:\\\/\\\/allanbarker.com\\\/enom\\\/wp-content\\\/uploads\\\/rabsite\\\/cropped-pngwingx2.png\",\"url\":\"https:\\\/\\\/allanbarker.com\\\/enom\\\/wp-content\\\/uploads\\\/rabsite\\\/cropped-pngwingx2.png\",\"contentUrl\":\"https:\\\/\\\/allanbarker.com\\\/enom\\\/wp-content\\\/uploads\\\/rabsite\\\/cropped-pngwingx2.png\",\"width\":512,\"height\":512,\"caption\":\"R Allan Barker\"},\"logo\":{\"@id\":\"https:\\\/\\\/allanbarker.com\\\/enom\\\/wp-content\\\/uploads\\\/rabsite\\\/cropped-pngwingx2.png\"}}]}<\/script>\n<!-- \/ Yoast SEO plugin. -->","yoast_head_json":{"title":"Vietnamese Pearl Inlay Jewel Box","description":"Round Vietnamese rosewood dowry box with fine iridescent colored mother-of-pearl inlay, late late 19th c. flowers & center motif. 28 x 11 cm 1.7 kg.","robots":{"index":"index","follow":"follow","max-snippet":"max-snippet:-1","max-image-preview":"max-image-preview:large","max-video-preview":"max-video-preview:-1"},"canonical":"https:\/\/allanbarker.com\/enom\/product\/vietnam-pearl-jewelry-box\/","og_locale":"en_US","og_type":"article","og_title":"Vietnamese Pearl Inlay Jewel Box","og_description":"Round Vietnamese rosewood dowry box with fine iridescent colored mother-of-pearl inlay, late late 19th c. flowers & center motif. 28 x 11 cm 1.7 kg.","og_url":"https:\/\/allanbarker.com\/enom\/product\/vietnam-pearl-jewelry-box\/","og_site_name":"Antique Treasures I kept","article_modified_time":"2025-06-12T14:32:34+00:00","og_image":[{"width":1000,"height":1000,"url":"https:\/\/allanbarker.com\/enom\/wp-content\/uploads\/pearl\/vietpearlbox\/us-tile.jpg","type":"image\/jpeg"}],"twitter_card":"summary_large_image","twitter_misc":{"Est. reading time":"2 minutes"},"schema":{"@context":"https:\/\/schema.org","@graph":[{"@type":"WebPage","@id":"https:\/\/allanbarker.com\/enom\/product\/vietnam-pearl-jewelry-box\/","url":"https:\/\/allanbarker.com\/enom\/product\/vietnam-pearl-jewelry-box\/","name":"Vietnamese Pearl Inlay Jewel Box","isPartOf":{"@id":"https:\/\/allanbarker.com\/enom\/#website"},"primaryImageOfPage":{"@id":"https:\/\/allanbarker.com\/enom\/product\/vietnam-pearl-jewelry-box\/#primaryimage"},"image":{"@id":"https:\/\/allanbarker.com\/enom\/product\/vietnam-pearl-jewelry-box\/#primaryimage"},"thumbnailUrl":"https:\/\/allanbarker.com\/enom\/wp-content\/uploads\/pearl\/vietpearlbox\/us-tile.jpg","datePublished":"2024-11-20T15:55:17+00:00","dateModified":"2025-06-12T14:32:34+00:00","description":"Round Vietnamese rosewood dowry box with fine iridescent colored mother-of-pearl inlay, late late 19th c. flowers & center motif. 28 x 11 cm 1.7 kg.","breadcrumb":{"@id":"https:\/\/allanbarker.com\/enom\/product\/vietnam-pearl-jewelry-box\/#breadcrumb"},"inLanguage":"en-US","potentialAction":[{"@type":"ReadAction","target":["https:\/\/allanbarker.com\/enom\/product\/vietnam-pearl-jewelry-box\/"]}]},{"@type":"ImageObject","inLanguage":"en-US","@id":"https:\/\/allanbarker.com\/enom\/product\/vietnam-pearl-jewelry-box\/#primaryimage","url":"https:\/\/allanbarker.com\/enom\/wp-content\/uploads\/pearl\/vietpearlbox\/us-tile.jpg","contentUrl":"https:\/\/allanbarker.com\/enom\/wp-content\/uploads\/pearl\/vietpearlbox\/us-tile.jpg","width":1000,"height":1000,"caption":""},{"@type":"BreadcrumbList","@id":"https:\/\/allanbarker.com\/enom\/product\/vietnam-pearl-jewelry-box\/#breadcrumb","itemListElement":[{"@type":"ListItem","position":1,"name":"Home","item":"https:\/\/allanbarker.com\/enom\/"},{"@type":"ListItem","position":2,"name":"Antique Treasures Shop","item":"https:\/\/allanbarker.com\/enom\/shop\/"},{"@type":"ListItem","position":3,"name":"Vietnamese Pearl Inlay Jewel Box"}]},{"@type":"WebSite","@id":"https:\/\/allanbarker.com\/enom\/#website","url":"https:\/\/allanbarker.com\/enom\/","name":"Antique Treasures I kept","description":"Rare Asian Antiques Artwork Artifacts","publisher":{"@id":"https:\/\/allanbarker.com\/enom\/#\/schema\/person\/83bfeb91bd8b3f9ca3cd1f1859e8ae53"},"potentialAction":[{"@type":"SearchAction","target":{"@type":"EntryPoint","urlTemplate":"https:\/\/allanbarker.com\/enom\/?s={search_term_string}"},"query-input":{"@type":"PropertyValueSpecification","valueRequired":true,"valueName":"search_term_string"}}],"inLanguage":"en-US"},{"@type":["Person","Organization"],"@id":"https:\/\/allanbarker.com\/enom\/#\/schema\/person\/83bfeb91bd8b3f9ca3cd1f1859e8ae53","name":"R Allan Barker","image":{"@type":"ImageObject","inLanguage":"en-US","@id":"https:\/\/allanbarker.com\/enom\/wp-content\/uploads\/rabsite\/cropped-pngwingx2.png","url":"https:\/\/allanbarker.com\/enom\/wp-content\/uploads\/rabsite\/cropped-pngwingx2.png","contentUrl":"https:\/\/allanbarker.com\/enom\/wp-content\/uploads\/rabsite\/cropped-pngwingx2.png","width":512,"height":512,"caption":"R Allan Barker"},"logo":{"@id":"https:\/\/allanbarker.com\/enom\/wp-content\/uploads\/rabsite\/cropped-pngwingx2.png"}}]}},"_links":{"self":[{"href":"https:\/\/allanbarker.com\/enom\/wp-json\/wp\/v2\/product\/797","targetHints":{"allow":["GET"]}}],"collection":[{"href":"https:\/\/allanbarker.com\/enom\/wp-json\/wp\/v2\/product"}],"about":[{"href":"https:\/\/allanbarker.com\/enom\/wp-json\/wp\/v2\/types\/product"}],"wp:featuredmedia":[{"embeddable":true,"href":"https:\/\/allanbarker.com\/enom\/wp-json\/wp\/v2\/media\/808"}],"wp:attachment":[{"href":"https:\/\/allanbarker.com\/enom\/wp-json\/wp\/v2\/media?parent=797"}],"wp:term":[{"taxonomy":"product_brand","embeddable":true,"href":"https:\/\/allanbarker.com\/enom\/wp-json\/wp\/v2\/product_brand?post=797"},{"taxonomy":"product_cat","embeddable":true,"href":"https:\/\/allanbarker.com\/enom\/wp-json\/wp\/v2\/product_cat?post=797"},{"taxonomy":"product_tag","embeddable":true,"href":"https:\/\/allanbarker.com\/enom\/wp-json\/wp\/v2\/product_tag?post=797"}],"curies":[{"name":"wp","href":"https:\/\/api.w.org\/{rel}","templated":true}]}}